{"id":153,"date":"2024-12-20T20:37:48","date_gmt":"2024-12-20T20:37:48","guid":{"rendered":"https:\/\/asdreni.mk\/?page_id=153"},"modified":"2024-12-23T07:26:15","modified_gmt":"2024-12-23T07:26:15","slug":"kuadri-mesimor","status":"publish","type":"page","link":"https:\/\/asdreni.mk\/mk\/kuadri-mesimor\/","title":{"rendered":"\u0420\u0430\u043c\u043a\u0430 \u0437\u0430 \u043d\u0430\u0441\u0442\u0430\u0432\u0430"},"content":{"rendered":"<div data-elementor-type=\"wp-page\" data-elementor-id=\"153\" class=\"elementor elementor-153\">\n\t\t\t\t<div class=\"elementor-element elementor-element-72a5068 e-flex e-con-boxed e-con e-parent\" data-id=\"72a5068\" data-element_type=\"container\" data-e-type=\"container\" data-settings=\"{&quot;background_background&quot;:&quot;classic&quot;}\">\n\t\t\t\t\t<div class=\"e-con-inner\">\n\t\t<div class=\"elementor-element elementor-element-a339cfa e-con-full e-flex e-con e-child\" data-id=\"a339cfa\" data-element_type=\"container\" data-e-type=\"container\">\n\t\t\t\t<div class=\"elementor-element elementor-element-055701a elementor-widget elementor-widget-heading\" data-id=\"055701a\" data-element_type=\"widget\" data-e-type=\"widget\" data-widget_type=\"heading.default\">\n\t\t\t\t<div class=\"elementor-widget-container\">\n\t\t\t\t\t<h1 class=\"elementor-heading-title elementor-size-default\">Kuadri m\u00ebsimor<\/h1>\t\t\t\t<\/div>\n\t\t\t\t<\/div>\n\t\t\t\t<\/div>\n\t\t\t\t\t<\/div>\n\t\t\t\t<\/div>\n\t\t<div class=\"elementor-element elementor-element-231bb17 e-flex e-con-boxed e-con e-parent\" data-id=\"231bb17\" data-element_type=\"container\" data-e-type=\"container\">\n\t\t\t\t\t<div class=\"e-con-inner\">\n\t\t\t\t<div class=\"elementor-element elementor-element-1011506 elementor-widget elementor-widget-heading\" data-id=\"1011506\" data-element_type=\"widget\" data-e-type=\"widget\" data-widget_type=\"heading.default\">\n\t\t\t\t<div class=\"elementor-widget-container\">\n\t\t\t\t\t<h2 class=\"elementor-heading-title elementor-size-default\">Udh\u00ebheq\u00ebsia e Shkoll\u00ebs<\/h2>\t\t\t\t<\/div>\n\t\t\t\t<\/div>\n\t\t\t\t\t<\/div>\n\t\t\t\t<\/div>\n\t\t<div class=\"elementor-element elementor-element-b03c20c e-flex e-con-boxed e-con e-parent\" data-id=\"b03c20c\" data-element_type=\"container\" data-e-type=\"container\">\n\t\t\t\t\t<div class=\"e-con-inner\">\n\t\t<div class=\"elementor-element elementor-element-884ce91 e-con-full e-flex e-con e-child\" data-id=\"884ce91\" data-element_type=\"container\" data-e-type=\"container\">\n\t\t\t\t<div class=\"elementor-element elementor-element-cdf5abe elementor-vertical-align-middle elementor-widget elementor-widget-image-box\" data-id=\"cdf5abe\" data-element_type=\"widget\" data-e-type=\"widget\" data-widget_type=\"image-box.default\">\n\t\t\t\t<div class=\"elementor-widget-container\">\n\t\t\t\t\t<div class=\"elementor-image-box-wrapper\"><div class=\"elementor-image-box-content\"><h3 class=\"elementor-image-box-title\">\u0410\u0433\u043e\u043d \u0410\u043c\u0438\u0442\u0438 - \u0434\u0438\u0440\u0435\u043a\u0442\u043e\u0440<\/h3><\/div><\/div>\t\t\t\t<\/div>\n\t\t\t\t<\/div>\n\t\t\t\t<div class=\"elementor-element elementor-element-3c2b6cf elementor-vertical-align-middle elementor-widget elementor-widget-image-box\" data-id=\"3c2b6cf\" data-element_type=\"widget\" data-e-type=\"widget\" data-widget_type=\"image-box.default\">\n\t\t\t\t<div class=\"elementor-widget-container\">\n\t\t\t\t\t<div class=\"elementor-image-box-wrapper\"><div class=\"elementor-image-box-content\"><h3 class=\"elementor-image-box-title\">Nadir Sabiti - Sekretar<\/h3><\/div><\/div>\t\t\t\t<\/div>\n\t\t\t\t<\/div>\n\t\t\t\t<div class=\"elementor-element elementor-element-a8fb1eb elementor-vertical-align-middle elementor-widget elementor-widget-image-box\" data-id=\"a8fb1eb\" data-element_type=\"widget\" data-e-type=\"widget\" data-widget_type=\"image-box.default\">\n\t\t\t\t<div class=\"elementor-widget-container\">\n\t\t\t\t\t<div class=\"elementor-image-box-wrapper\"><div class=\"elementor-image-box-content\"><h3 class=\"elementor-image-box-title\">Sheqibe Emini - Sh\u00ebrbimi profesional (Pedagoge)<\/h3><\/div><\/div>\t\t\t\t<\/div>\n\t\t\t\t<\/div>\n\t\t\t\t<div class=\"elementor-element elementor-element-c736b6a elementor-vertical-align-middle elementor-widget elementor-widget-image-box\" data-id=\"c736b6a\" data-element_type=\"widget\" data-e-type=\"widget\" data-widget_type=\"image-box.default\">\n\t\t\t\t<div class=\"elementor-widget-container\">\n\t\t\t\t\t<div class=\"elementor-image-box-wrapper\"><div class=\"elementor-image-box-content\"><h3 class=\"elementor-image-box-title\">Sabiha Musai - Sh\u00ebrbimi profesional (Psikologe)<\/h3><\/div><\/div>\t\t\t\t<\/div>\n\t\t\t\t<\/div>\n\t\t\t\t<div class=\"elementor-element elementor-element-6de6132 elementor-vertical-align-middle elementor-widget elementor-widget-image-box\" data-id=\"6de6132\" data-element_type=\"widget\" data-e-type=\"widget\" data-widget_type=\"image-box.default\">\n\t\t\t\t<div class=\"elementor-widget-container\">\n\t\t\t\t\t<div class=\"elementor-image-box-wrapper\"><div class=\"elementor-image-box-content\"><h3 class=\"elementor-image-box-title\">Memetriza Zaiti - Biblioteka<\/h3><\/div><\/div>\t\t\t\t<\/div>\n\t\t\t\t<\/div>\n\t\t\t\t<div class=\"elementor-element elementor-element-4329165 elementor-vertical-align-middle elementor-widget elementor-widget-image-box\" data-id=\"4329165\" data-element_type=\"widget\" data-e-type=\"widget\" data-widget_type=\"image-box.default\">\n\t\t\t\t<div class=\"elementor-widget-container\">\n\t\t\t\t\t<div class=\"elementor-image-box-wrapper\"><div class=\"elementor-image-box-content\"><h3 class=\"elementor-image-box-title\">Besmira Amiti - Biblioteka<\/h3><\/div><\/div>\t\t\t\t<\/div>\n\t\t\t\t<\/div>\n\t\t\t\t<\/div>\n\t\t\t\t\t<\/div>\n\t\t\t\t<\/div>\n\t\t<div class=\"elementor-element elementor-element-b3bc98c e-flex e-con-boxed e-con e-parent\" data-id=\"b3bc98c\" data-element_type=\"container\" data-e-type=\"container\">\n\t\t\t\t\t<div class=\"e-con-inner\">\n\t\t\t\t<div class=\"elementor-element elementor-element-742558e elementor-widget-divider--view-line elementor-widget elementor-widget-divider\" data-id=\"742558e\" data-element_type=\"widget\" data-e-type=\"widget\" data-widget_type=\"divider.default\">\n\t\t\t\t<div class=\"elementor-widget-container\">\n\t\t\t\t\t\t\t<div class=\"elementor-divider\">\n\t\t\t<span class=\"elementor-divider-separator\">\n\t\t\t\t\t\t<\/span>\n\t\t<\/div>\n\t\t\t\t\t\t<\/div>\n\t\t\t\t<\/div>\n\t\t\t\t\t<\/div>\n\t\t\t\t<\/div>\n\t\t<div class=\"elementor-element elementor-element-ab008d8 e-flex e-con-boxed e-con e-parent\" data-id=\"ab008d8\" data-element_type=\"container\" data-e-type=\"container\">\n\t\t\t\t\t<div class=\"e-con-inner\">\n\t\t\t\t<div class=\"elementor-element elementor-element-fb4bd05 elementor-widget elementor-widget-heading\" data-id=\"fb4bd05\" data-element_type=\"widget\" data-e-type=\"widget\" data-widget_type=\"heading.default\">\n\t\t\t\t<div class=\"elementor-widget-container\">\n\t\t\t\t\t<h2 class=\"elementor-heading-title elementor-size-default\">K\u00ebshilli i Shkoll\u00ebs<\/h2>\t\t\t\t<\/div>\n\t\t\t\t<\/div>\n\t\t\t\t\t<\/div>\n\t\t\t\t<\/div>\n\t\t<div class=\"elementor-element elementor-element-ee88718 e-flex e-con-boxed e-con e-parent\" data-id=\"ee88718\" data-element_type=\"container\" data-e-type=\"container\">\n\t\t\t\t\t<div class=\"e-con-inner\">\n\t\t\t\t<div class=\"elementor-element elementor-element-65e3083 elementor-widget elementor-widget-text-editor\" data-id=\"65e3083\" data-element_type=\"widget\" data-e-type=\"widget\" data-widget_type=\"text-editor.default\">\n\t\t\t\t<div class=\"elementor-widget-container\">\n\t\t\t\t\t\t\t\t\t<p>Laureta Abduli &#8211; Kryetare<\/p><p>Mirsad Esati &#8211; An\u00ebtar nga K\u00ebshilli i Prind\u00ebrve<\/p><p>Besim Amiti &#8211; An\u00ebtar nga K\u00ebshilli i Prind\u00ebrve<\/p><p>Selim Jonuzi &#8211; An\u00ebtar nga K\u00ebshilli Arsimor<\/p><p>Emine Amiti &#8211; An\u00ebtare nga K\u00ebshilli Arsimor<\/p><p>Sheqibe Amiti &#8211; An\u00ebtare nga K\u00ebshilli Arsimor<\/p><p>Gjylka Qazimi &#8211; An\u00ebtare nga K\u00ebshilli Komunal<\/p>\t\t\t\t\t\t\t\t<\/div>\n\t\t\t\t<\/div>\n\t\t\t\t\t<\/div>\n\t\t\t\t<\/div>\n\t\t<div class=\"elementor-element elementor-element-be6f7a2 e-flex e-con-boxed e-con e-parent\" data-id=\"be6f7a2\" data-element_type=\"container\" data-e-type=\"container\">\n\t\t\t\t\t<div class=\"e-con-inner\">\n\t\t\t\t<div class=\"elementor-element elementor-element-faddbf3 elementor-widget-divider--view-line elementor-widget elementor-widget-divider\" data-id=\"faddbf3\" data-element_type=\"widget\" data-e-type=\"widget\" data-widget_type=\"divider.default\">\n\t\t\t\t<div class=\"elementor-widget-container\">\n\t\t\t\t\t\t\t<div class=\"elementor-divider\">\n\t\t\t<span class=\"elementor-divider-separator\">\n\t\t\t\t\t\t<\/span>\n\t\t<\/div>\n\t\t\t\t\t\t<\/div>\n\t\t\t\t<\/div>\n\t\t\t\t\t<\/div>\n\t\t\t\t<\/div>\n\t\t<div class=\"elementor-element elementor-element-5d0ddff e-flex e-con-boxed e-con e-parent\" data-id=\"5d0ddff\" data-element_type=\"container\" data-e-type=\"container\">\n\t\t\t\t\t<div class=\"e-con-inner\">\n\t\t\t\t<div class=\"elementor-element elementor-element-8569dd3 elementor-widget elementor-widget-heading\" data-id=\"8569dd3\" data-element_type=\"widget\" data-e-type=\"widget\" data-widget_type=\"heading.default\">\n\t\t\t\t<div class=\"elementor-widget-container\">\n\t\t\t\t\t<h2 class=\"elementor-heading-title elementor-size-default\">\u0420\u0430\u043c\u043a\u0430 \u0437\u0430 \u043d\u0430\u0441\u0442\u0430\u0432\u0430<\/h2>\t\t\t\t<\/div>\n\t\t\t\t<\/div>\n\t\t\t\t\t<\/div>\n\t\t\t\t<\/div>\n\t\t<div class=\"elementor-element elementor-element-3192d16 e-grid e-con-boxed e-con e-parent\" data-id=\"3192d16\" data-element_type=\"container\" data-e-type=\"container\">\n\t\t\t\t\t<div class=\"e-con-inner\">\n\t\t\t\t<div class=\"elementor-element elementor-element-b1a3b64 elementor-widget elementor-widget-text-editor\" data-id=\"b1a3b64\" data-element_type=\"widget\" data-e-type=\"widget\" data-widget_type=\"text-editor.default\">\n\t\t\t\t<div class=\"elementor-widget-container\">\n\t\t\t\t\t\t\t\t\t<p><strong>Cikli i ul\u00ebt:<\/strong><\/p><p>Hirjet Memeti<br \/>Besa Arifi<br \/>Mamudije Zeqiri<br \/>Blerta Bajraktari<br \/>Sevim Sadiku<br \/>Jetmire Amiti<br \/>Ardita Esati<br \/>Nurten Aliti<br \/>Nexhmije Xhelili<br \/>Shpresa Adili<br \/>Jasmina Trpevska &#8211; Paralele te kombinuara ne gj. Maqedone<\/p>\t\t\t\t\t\t\t\t<\/div>\n\t\t\t\t<\/div>\n\t\t\t\t<div class=\"elementor-element elementor-element-4ea00cf elementor-widget elementor-widget-text-editor\" data-id=\"4ea00cf\" data-element_type=\"widget\" data-e-type=\"widget\" data-widget_type=\"text-editor.default\">\n\t\t\t\t<div class=\"elementor-widget-container\">\n\t\t\t\t\t\t\t\t\t<p><b>Arsimtar\u00ebt l\u00ebndor:<br><\/b><\/p>\n<p>Emine Amiti<br>Neshat Jashari<br>Fekrije Asani<br>Safije Raufi<br>Zyrafet Eshtrefi<br>Habibe Veseli<br>Alejna Idrizi<br>Vjosa Shaqiri<br>Arjeta Rustemi<br>Adelina Memedi<br>Besim Elmazi<br>Elmedina Esati<br>Selim Jonuzi<br>Selvije Shemshiu<br>Nehad Jonuzi<br>Besim Shemshiu<br>Altrin Muharemi<br>Fadil Abdylhalimi<br>Valdeta Hiseni<br>Memetriza Zaiti<br>Fitore Reani<br>Hirem Amiti<br>Arben Isaku<\/p>\t\t\t\t\t\t\t\t<\/div>\n\t\t\t\t<\/div>\n\t\t\t\t\t<\/div>\n\t\t\t\t<\/div>\n\t\t\t\t<\/div>","protected":false},"excerpt":{"rendered":"<p>Kuadri m\u00ebsimor Udh\u00ebheq\u00ebsia e Shkoll\u00ebs Agon Amiti &#8211; Drejtor Nadir Sabiti &#8211; Sekretar Sheqibe Emini &#8211; Sh\u00ebrbimi profesional (Pedagoge) Sabiha Musai &#8211; Sh\u00ebrbimi profesional (Psikologe) Memetriza Zaiti &#8211; Biblioteka Besmira Amiti &#8211; Biblioteka K\u00ebshilli i Shkoll\u00ebs Laureta Abduli &#8211; Kryetare Mirsad Esati &#8211; An\u00ebtar nga K\u00ebshilli i Prind\u00ebrve Besim Amiti &#8211; An\u00ebtar nga K\u00ebshilli i [&hellip;]<\/p>\n","protected":false},"author":1,"featured_media":0,"parent":0,"menu_order":0,"comment_status":"closed","ping_status":"closed","template":"","meta":{"site-sidebar-layout":"no-sidebar","site-content-layout":"page-builder","ast-site-content-layout":"full-width-container","site-content-style":"unboxed","site-sidebar-style":"unboxed","ast-global-header-display":"","ast-banner-title-visibility":"","ast-main-header-display":"","ast-hfb-above-header-display":"","ast-hfb-below-header-display":"","ast-hfb-mobile-header-display":"","site-post-title":"disabled","ast-breadcrumbs-content":"disabled","ast-featured-img":"disabled","footer-sml-layout":"","theme-transparent-header-meta":"default","adv-header-id-meta":"","stick-header-meta":"","header-above-stick-meta":"","header-main-stick-meta":"","header-below-stick-meta":"","astra-migrate-meta-layouts":"set","ast-page-background-enabled":"default","ast-page-background-meta":{"desktop":{"background-color":"","background-image":"","background-repeat":"repeat","background-position":"center center","background-size":"auto","background-attachment":"scroll","background-type":"","background-media":"","overlay-type":"","overlay-color":"","overlay-opacity":"","overlay-gradient":""},"tablet":{"background-color":"","background-image":"","background-repeat":"repeat","background-position":"center center","background-size":"auto","background-attachment":"scroll","background-type":"","background-media":"","overlay-type":"","overlay-color":"","overlay-opacity":"","overlay-gradient":""},"mobile":{"background-color":"","background-image":"","background-repeat":"repeat","background-position":"center center","background-size":"auto","background-attachment":"scroll","background-type":"","background-media":"","overlay-type":"","overlay-color":"","overlay-opacity":"","overlay-gradient":""}},"ast-content-background-meta":{"desktop":{"background-color":"var(--ast-global-color-5)","background-image":"","background-repeat":"repeat","background-position":"center center","background-size":"auto","background-attachment":"scroll","background-type":"","background-media":"","overlay-type":"","overlay-color":"","overlay-opacity":"","overlay-gradient":""},"tablet":{"background-color":"var(--ast-global-color-5)","background-image":"","background-repeat":"repeat","background-position":"center center","background-size":"auto","background-attachment":"scroll","background-type":"","background-media":"","overlay-type":"","overlay-color":"","overlay-opacity":"","overlay-gradient":""},"mobile":{"background-color":"var(--ast-global-color-5)","background-image":"","background-repeat":"repeat","background-position":"center center","background-size":"auto","background-attachment":"scroll","background-type":"","background-media":"","overlay-type":"","overlay-color":"","overlay-opacity":"","overlay-gradient":""}},"footnotes":""},"class_list":["post-153","page","type-page","status-publish","hentry"],"yoast_head":"<!-- This site is optimized with the Yoast SEO plugin v27.4 - https:\/\/yoast.com\/product\/yoast-seo-wordpress\/ -->\n<title>Kuadri M\u00ebsimor - Asdreni<\/title>\n<meta name=\"robots\" content=\"index, follow, max-snippet:-1, max-image-preview:large, max-video-preview:-1\" \/>\n<link rel=\"canonical\" href=\"https:\/\/asdreni.mk\/mk\/kuadri-mesimor\/\" \/>\n<meta property=\"og:locale\" content=\"mk_MK\" \/>\n<meta property=\"og:type\" content=\"article\" \/>\n<meta property=\"og:title\" content=\"Kuadri M\u00ebsimor - Asdreni\" \/>\n<meta property=\"og:description\" content=\"Kuadri m\u00ebsimor Udh\u00ebheq\u00ebsia e Shkoll\u00ebs Agon Amiti &#8211; Drejtor Nadir Sabiti &#8211; Sekretar Sheqibe Emini &#8211; Sh\u00ebrbimi profesional (Pedagoge) Sabiha Musai &#8211; Sh\u00ebrbimi profesional (Psikologe) Memetriza Zaiti &#8211; Biblioteka Besmira Amiti &#8211; Biblioteka K\u00ebshilli i Shkoll\u00ebs Laureta Abduli &#8211; Kryetare Mirsad Esati &#8211; An\u00ebtar nga K\u00ebshilli i Prind\u00ebrve Besim Amiti &#8211; An\u00ebtar nga K\u00ebshilli i [&hellip;]\" \/>\n<meta property=\"og:url\" content=\"https:\/\/asdreni.mk\/mk\/kuadri-mesimor\/\" \/>\n<meta property=\"og:site_name\" content=\"Asdreni\" \/>\n<meta property=\"article:modified_time\" content=\"2024-12-23T07:26:15+00:00\" \/>\n<meta name=\"twitter:card\" content=\"summary_large_image\" \/>\n<meta name=\"twitter:label1\" content=\"Est. reading time\" \/>\n\t<meta name=\"twitter:data1\" content=\"1 \u043c\u0438\u043d\u0443\u0442\u0430\" \/>\n<script type=\"application\/ld+json\" class=\"yoast-schema-graph\">{\"@context\":\"https:\\\/\\\/schema.org\",\"@graph\":[{\"@type\":\"WebPage\",\"@id\":\"https:\\\/\\\/asdreni.mk\\\/kuadri-mesimor\\\/\",\"url\":\"https:\\\/\\\/asdreni.mk\\\/kuadri-mesimor\\\/\",\"name\":\"Kuadri M\u00ebsimor - Asdreni\",\"isPartOf\":{\"@id\":\"https:\\\/\\\/asdreni.mk\\\/#website\"},\"datePublished\":\"2024-12-20T20:37:48+00:00\",\"dateModified\":\"2024-12-23T07:26:15+00:00\",\"breadcrumb\":{\"@id\":\"https:\\\/\\\/asdreni.mk\\\/kuadri-mesimor\\\/#breadcrumb\"},\"inLanguage\":\"mk-MK\",\"potentialAction\":[{\"@type\":\"ReadAction\",\"target\":[\"https:\\\/\\\/asdreni.mk\\\/kuadri-mesimor\\\/\"]}]},{\"@type\":\"BreadcrumbList\",\"@id\":\"https:\\\/\\\/asdreni.mk\\\/kuadri-mesimor\\\/#breadcrumb\",\"itemListElement\":[{\"@type\":\"ListItem\",\"position\":1,\"name\":\"Home\",\"item\":\"https:\\\/\\\/asdreni.mk\\\/\"},{\"@type\":\"ListItem\",\"position\":2,\"name\":\"Kuadri M\u00ebsimor\"}]},{\"@type\":\"WebSite\",\"@id\":\"https:\\\/\\\/asdreni.mk\\\/#website\",\"url\":\"https:\\\/\\\/asdreni.mk\\\/\",\"name\":\"Asdreni\",\"description\":\"Shkolla Asdreni\",\"publisher\":{\"@id\":\"https:\\\/\\\/asdreni.mk\\\/#organization\"},\"potentialAction\":[{\"@type\":\"SearchAction\",\"target\":{\"@type\":\"EntryPoint\",\"urlTemplate\":\"https:\\\/\\\/asdreni.mk\\\/?s={search_term_string}\"},\"query-input\":{\"@type\":\"PropertyValueSpecification\",\"valueRequired\":true,\"valueName\":\"search_term_string\"}}],\"inLanguage\":\"mk-MK\"},{\"@type\":\"Organization\",\"@id\":\"https:\\\/\\\/asdreni.mk\\\/#organization\",\"name\":\"Shkolla Asdreni\",\"url\":\"https:\\\/\\\/asdreni.mk\\\/\",\"logo\":{\"@type\":\"ImageObject\",\"inLanguage\":\"mk-MK\",\"@id\":\"https:\\\/\\\/asdreni.mk\\\/#\\\/schema\\\/logo\\\/image\\\/\",\"url\":\"https:\\\/\\\/asdreni.mk\\\/wp-content\\\/uploads\\\/2024\\\/12\\\/Asdreni.png\",\"contentUrl\":\"https:\\\/\\\/asdreni.mk\\\/wp-content\\\/uploads\\\/2024\\\/12\\\/Asdreni.png\",\"width\":692,\"height\":614,\"caption\":\"Shkolla Asdreni\"},\"image\":{\"@id\":\"https:\\\/\\\/asdreni.mk\\\/#\\\/schema\\\/logo\\\/image\\\/\"}}]}<\/script>\n<!-- \/ Yoast SEO plugin. -->","yoast_head_json":{"title":"Kuadri M\u00ebsimor - Asdreni","robots":{"index":"index","follow":"follow","max-snippet":"max-snippet:-1","max-image-preview":"max-image-preview:large","max-video-preview":"max-video-preview:-1"},"canonical":"https:\/\/asdreni.mk\/mk\/kuadri-mesimor\/","og_locale":"mk_MK","og_type":"article","og_title":"Kuadri M\u00ebsimor - Asdreni","og_description":"Kuadri m\u00ebsimor Udh\u00ebheq\u00ebsia e Shkoll\u00ebs Agon Amiti &#8211; Drejtor Nadir Sabiti &#8211; Sekretar Sheqibe Emini &#8211; Sh\u00ebrbimi profesional (Pedagoge) Sabiha Musai &#8211; Sh\u00ebrbimi profesional (Psikologe) Memetriza Zaiti &#8211; Biblioteka Besmira Amiti &#8211; Biblioteka K\u00ebshilli i Shkoll\u00ebs Laureta Abduli &#8211; Kryetare Mirsad Esati &#8211; An\u00ebtar nga K\u00ebshilli i Prind\u00ebrve Besim Amiti &#8211; An\u00ebtar nga K\u00ebshilli i [&hellip;]","og_url":"https:\/\/asdreni.mk\/mk\/kuadri-mesimor\/","og_site_name":"Asdreni","article_modified_time":"2024-12-23T07:26:15+00:00","twitter_card":"summary_large_image","twitter_misc":{"Est. reading time":"1 \u043c\u0438\u043d\u0443\u0442\u0430"},"schema":{"@context":"https:\/\/schema.org","@graph":[{"@type":"WebPage","@id":"https:\/\/asdreni.mk\/kuadri-mesimor\/","url":"https:\/\/asdreni.mk\/kuadri-mesimor\/","name":"Kuadri M\u00ebsimor - Asdreni","isPartOf":{"@id":"https:\/\/asdreni.mk\/#website"},"datePublished":"2024-12-20T20:37:48+00:00","dateModified":"2024-12-23T07:26:15+00:00","breadcrumb":{"@id":"https:\/\/asdreni.mk\/kuadri-mesimor\/#breadcrumb"},"inLanguage":"mk-MK","potentialAction":[{"@type":"ReadAction","target":["https:\/\/asdreni.mk\/kuadri-mesimor\/"]}]},{"@type":"BreadcrumbList","@id":"https:\/\/asdreni.mk\/kuadri-mesimor\/#breadcrumb","itemListElement":[{"@type":"ListItem","position":1,"name":"Home","item":"https:\/\/asdreni.mk\/"},{"@type":"ListItem","position":2,"name":"Kuadri M\u00ebsimor"}]},{"@type":"WebSite","@id":"https:\/\/asdreni.mk\/#website","url":"https:\/\/asdreni.mk\/","name":"Asdreni","description":"\u0423\u0447\u0438\u043b\u0438\u0448\u0442\u0435 \u0410\u0441\u0434\u0440\u0435\u043d\u0438","publisher":{"@id":"https:\/\/asdreni.mk\/#organization"},"potentialAction":[{"@type":"SearchAction","target":{"@type":"EntryPoint","urlTemplate":"https:\/\/asdreni.mk\/?s={search_term_string}"},"query-input":{"@type":"PropertyValueSpecification","valueRequired":true,"valueName":"search_term_string"}}],"inLanguage":"mk-MK"},{"@type":"Organization","@id":"https:\/\/asdreni.mk\/#organization","name":"\u0423\u0447\u0438\u043b\u0438\u0448\u0442\u0435 \u0410\u0441\u0434\u0440\u0435\u043d\u0438","url":"https:\/\/asdreni.mk\/","logo":{"@type":"ImageObject","inLanguage":"mk-MK","@id":"https:\/\/asdreni.mk\/#\/schema\/logo\/image\/","url":"https:\/\/asdreni.mk\/wp-content\/uploads\/2024\/12\/Asdreni.png","contentUrl":"https:\/\/asdreni.mk\/wp-content\/uploads\/2024\/12\/Asdreni.png","width":692,"height":614,"caption":"Shkolla Asdreni"},"image":{"@id":"https:\/\/asdreni.mk\/#\/schema\/logo\/image\/"}}]}},"_links":{"self":[{"href":"https:\/\/asdreni.mk\/mk\/wp-json\/wp\/v2\/pages\/153","targetHints":{"allow":["GET"]}}],"collection":[{"href":"https:\/\/asdreni.mk\/mk\/wp-json\/wp\/v2\/pages"}],"about":[{"href":"https:\/\/asdreni.mk\/mk\/wp-json\/wp\/v2\/types\/page"}],"author":[{"embeddable":true,"href":"https:\/\/asdreni.mk\/mk\/wp-json\/wp\/v2\/users\/1"}],"replies":[{"embeddable":true,"href":"https:\/\/asdreni.mk\/mk\/wp-json\/wp\/v2\/comments?post=153"}],"version-history":[{"count":40,"href":"https:\/\/asdreni.mk\/mk\/wp-json\/wp\/v2\/pages\/153\/revisions"}],"predecessor-version":[{"id":1359,"href":"https:\/\/asdreni.mk\/mk\/wp-json\/wp\/v2\/pages\/153\/revisions\/1359"}],"wp:attachment":[{"href":"https:\/\/asdreni.mk\/mk\/wp-json\/wp\/v2\/media?parent=153"}],"curies":[{"name":"wp","href":"https:\/\/api.w.org\/{rel}","templated":true}]}}